{"id":180,"date":"2024-10-11T14:12:46","date_gmt":"2024-10-11T12:12:46","guid":{"rendered":"https:\/\/labs.100x100.net\/projects\/enervent\/contacto\/"},"modified":"2024-11-22T13:44:30","modified_gmt":"2024-11-22T12:44:30","slug":"contactez","status":"publish","type":"page","link":"https:\/\/enerventperello.com\/fr\/contactez\/","title":{"rendered":"Contactez"},"content":{"rendered":"","protected":false},"excerpt":{"rendered":"","protected":false},"author":1,"featured_media":0,"parent":0,"menu_order":0,"comment_status":"closed","ping_status":"closed","template":"page-contacto.php","meta":{"_acf_changed":false,"footnotes":""},"class_list":["post-180","page","type-page","status-publish","hentry"],"acf":[],"yoast_head":"<!-- This site is optimized with the Yoast SEO plugin v27.2 - https:\/\/yoast.com\/product\/yoast-seo-wordpress\/ -->\n<title>Contactez-nous - Enervent - Parc \u00c9olien Les Colladetes<\/title>\n<meta name=\"description\" content=\"Contactez-nous pour obtenir plus d&#039;informations sur le Parc \u00c9olien Les Colladetes et les initiatives d&#039;\u00e9nergie renouvelable en Catalogne.\" \/>\n<meta name=\"robots\" content=\"index, follow, max-snippet:-1, max-image-preview:large, max-video-preview:-1\" \/>\n<link rel=\"canonical\" href=\"https:\/\/enerventperello.com\/fr\/contactez\/\" \/>\n<meta property=\"og:locale\" content=\"fr_FR\" \/>\n<meta property=\"og:type\" content=\"article\" \/>\n<meta property=\"og:title\" content=\"Contactez-nous - Enervent - Parc \u00c9olien Les Colladetes\" \/>\n<meta property=\"og:description\" content=\"Contactez-nous pour obtenir plus d&#039;informations sur le Parc \u00c9olien Les Colladetes et les initiatives d&#039;\u00e9nergie renouvelable en Catalogne.\" \/>\n<meta property=\"og:url\" content=\"https:\/\/enerventperello.com\/fr\/contactez\/\" \/>\n<meta property=\"og:site_name\" content=\"Enervent\" \/>\n<meta property=\"article:modified_time\" content=\"2024-11-22T12:44:30+00:00\" \/>\n<meta property=\"og:image\" content=\"https:\/\/enerventperello.com\/custom\/uploads\/2024\/11\/Parc-Eolic-Les-Colladetes-scaled.jpg\" \/>\n\t<meta property=\"og:image:width\" content=\"2560\" \/>\n\t<meta property=\"og:image:height\" content=\"889\" \/>\n\t<meta property=\"og:image:type\" content=\"image\/jpeg\" \/>\n<meta name=\"twitter:card\" content=\"summary_large_image\" \/>\n<meta name=\"twitter:image\" content=\"https:\/\/enerventperello.com\/custom\/uploads\/2024\/11\/Parc-Eolic-Les-Colladetes-scaled.jpg\" \/>\n<script type=\"application\/ld+json\" class=\"yoast-schema-graph\">{\"@context\":\"https:\/\/schema.org\",\"@graph\":[{\"@type\":\"WebPage\",\"@id\":\"https:\/\/enerventperello.com\/fr\/contactez\/\",\"url\":\"https:\/\/enerventperello.com\/fr\/contactez\/\",\"name\":\"Contactez-nous - Enervent - Parc \u00c9olien Les Colladetes\",\"isPartOf\":{\"@id\":\"https:\/\/www.enerventperello.com\/fr\/#website\"},\"datePublished\":\"2024-10-11T12:12:46+00:00\",\"dateModified\":\"2024-11-22T12:44:30+00:00\",\"description\":\"Contactez-nous pour obtenir plus d'informations sur le Parc \u00c9olien Les Colladetes et les initiatives d'\u00e9nergie renouvelable en Catalogne.\",\"breadcrumb\":{\"@id\":\"https:\/\/enerventperello.com\/fr\/contactez\/#breadcrumb\"},\"inLanguage\":\"fr-FR\",\"potentialAction\":[{\"@type\":\"ReadAction\",\"target\":[\"https:\/\/enerventperello.com\/fr\/contactez\/\"]}]},{\"@type\":\"BreadcrumbList\",\"@id\":\"https:\/\/enerventperello.com\/fr\/contactez\/#breadcrumb\",\"itemListElement\":[{\"@type\":\"ListItem\",\"position\":1,\"name\":\"Inici\",\"item\":\"https:\/\/www.enerventperello.com\/fr\/\"},{\"@type\":\"ListItem\",\"position\":2,\"name\":\"Contactez\"}]},{\"@type\":\"WebSite\",\"@id\":\"https:\/\/www.enerventperello.com\/fr\/#website\",\"url\":\"https:\/\/www.enerventperello.com\/fr\/\",\"name\":\"Enervent\",\"description\":\"Enervent \u25b6\ufe0f Descobreix el Parc E\u00f2lic Les Colladetes, pioner en energia renovable a Catalunya, amb m\u00e9s de 25 anys generant energia e\u00f2lica per a un futur sostenible.\",\"publisher\":{\"@id\":\"https:\/\/www.enerventperello.com\/fr\/#organization\"},\"potentialAction\":[{\"@type\":\"SearchAction\",\"target\":{\"@type\":\"EntryPoint\",\"urlTemplate\":\"https:\/\/www.enerventperello.com\/fr\/?s={search_term_string}\"},\"query-input\":{\"@type\":\"PropertyValueSpecification\",\"valueRequired\":true,\"valueName\":\"search_term_string\"}}],\"inLanguage\":\"fr-FR\"},{\"@type\":\"Organization\",\"@id\":\"https:\/\/www.enerventperello.com\/fr\/#organization\",\"name\":\"Enervent\",\"url\":\"https:\/\/www.enerventperello.com\/fr\/\",\"logo\":{\"@type\":\"ImageObject\",\"inLanguage\":\"fr-FR\",\"@id\":\"https:\/\/www.enerventperello.com\/fr\/#\/schema\/logo\/image\/\",\"url\":\"https:\/\/enerventperello.com\/custom\/uploads\/2025\/05\/enervent.png\",\"contentUrl\":\"https:\/\/enerventperello.com\/custom\/uploads\/2025\/05\/enervent.png\",\"width\":520,\"height\":80,\"caption\":\"Enervent\"},\"image\":{\"@id\":\"https:\/\/www.enerventperello.com\/fr\/#\/schema\/logo\/image\/\"}}]}<\/script>\n<!-- \/ Yoast SEO plugin. -->","yoast_head_json":{"title":"Contactez-nous - Enervent - Parc \u00c9olien Les Colladetes","description":"Contactez-nous pour obtenir plus d'informations sur le Parc \u00c9olien Les Colladetes et les initiatives d'\u00e9nergie renouvelable en Catalogne.","robots":{"index":"index","follow":"follow","max-snippet":"max-snippet:-1","max-image-preview":"max-image-preview:large","max-video-preview":"max-video-preview:-1"},"canonical":"https:\/\/enerventperello.com\/fr\/contactez\/","og_locale":"fr_FR","og_type":"article","og_title":"Contactez-nous - Enervent - Parc \u00c9olien Les Colladetes","og_description":"Contactez-nous pour obtenir plus d'informations sur le Parc \u00c9olien Les Colladetes et les initiatives d'\u00e9nergie renouvelable en Catalogne.","og_url":"https:\/\/enerventperello.com\/fr\/contactez\/","og_site_name":"Enervent","article_modified_time":"2024-11-22T12:44:30+00:00","og_image":[{"width":2560,"height":889,"url":"https:\/\/enerventperello.com\/custom\/uploads\/2024\/11\/Parc-Eolic-Les-Colladetes-scaled.jpg","type":"image\/jpeg"}],"twitter_card":"summary_large_image","twitter_image":"https:\/\/enerventperello.com\/custom\/uploads\/2024\/11\/Parc-Eolic-Les-Colladetes-scaled.jpg","schema":{"@context":"https:\/\/schema.org","@graph":[{"@type":"WebPage","@id":"https:\/\/enerventperello.com\/fr\/contactez\/","url":"https:\/\/enerventperello.com\/fr\/contactez\/","name":"Contactez-nous - Enervent - Parc \u00c9olien Les Colladetes","isPartOf":{"@id":"https:\/\/www.enerventperello.com\/fr\/#website"},"datePublished":"2024-10-11T12:12:46+00:00","dateModified":"2024-11-22T12:44:30+00:00","description":"Contactez-nous pour obtenir plus d'informations sur le Parc \u00c9olien Les Colladetes et les initiatives d'\u00e9nergie renouvelable en Catalogne.","breadcrumb":{"@id":"https:\/\/enerventperello.com\/fr\/contactez\/#breadcrumb"},"inLanguage":"fr-FR","potentialAction":[{"@type":"ReadAction","target":["https:\/\/enerventperello.com\/fr\/contactez\/"]}]},{"@type":"BreadcrumbList","@id":"https:\/\/enerventperello.com\/fr\/contactez\/#breadcrumb","itemListElement":[{"@type":"ListItem","position":1,"name":"Inici","item":"https:\/\/www.enerventperello.com\/fr\/"},{"@type":"ListItem","position":2,"name":"Contactez"}]},{"@type":"WebSite","@id":"https:\/\/www.enerventperello.com\/fr\/#website","url":"https:\/\/www.enerventperello.com\/fr\/","name":"Enervent","description":"Enervent \u25b6\ufe0f Descobreix el Parc E\u00f2lic Les Colladetes, pioner en energia renovable a Catalunya, amb m\u00e9s de 25 anys generant energia e\u00f2lica per a un futur sostenible.","publisher":{"@id":"https:\/\/www.enerventperello.com\/fr\/#organization"},"potentialAction":[{"@type":"SearchAction","target":{"@type":"EntryPoint","urlTemplate":"https:\/\/www.enerventperello.com\/fr\/?s={search_term_string}"},"query-input":{"@type":"PropertyValueSpecification","valueRequired":true,"valueName":"search_term_string"}}],"inLanguage":"fr-FR"},{"@type":"Organization","@id":"https:\/\/www.enerventperello.com\/fr\/#organization","name":"Enervent","url":"https:\/\/www.enerventperello.com\/fr\/","logo":{"@type":"ImageObject","inLanguage":"fr-FR","@id":"https:\/\/www.enerventperello.com\/fr\/#\/schema\/logo\/image\/","url":"https:\/\/enerventperello.com\/custom\/uploads\/2025\/05\/enervent.png","contentUrl":"https:\/\/enerventperello.com\/custom\/uploads\/2025\/05\/enervent.png","width":520,"height":80,"caption":"Enervent"},"image":{"@id":"https:\/\/www.enerventperello.com\/fr\/#\/schema\/logo\/image\/"}}]}},"_links":{"self":[{"href":"https:\/\/enerventperello.com\/fr\/wp-json\/wp\/v2\/pages\/180","targetHints":{"allow":["GET"]}}],"collection":[{"href":"https:\/\/enerventperello.com\/fr\/wp-json\/wp\/v2\/pages"}],"about":[{"href":"https:\/\/enerventperello.com\/fr\/wp-json\/wp\/v2\/types\/page"}],"author":[{"embeddable":true,"href":"https:\/\/enerventperello.com\/fr\/wp-json\/wp\/v2\/users\/1"}],"replies":[{"embeddable":true,"href":"https:\/\/enerventperello.com\/fr\/wp-json\/wp\/v2\/comments?post=180"}],"version-history":[{"count":0,"href":"https:\/\/enerventperello.com\/fr\/wp-json\/wp\/v2\/pages\/180\/revisions"}],"wp:attachment":[{"href":"https:\/\/enerventperello.com\/fr\/wp-json\/wp\/v2\/media?parent=180"}],"curies":[{"name":"wp","href":"https:\/\/api.w.org\/{rel}","templated":true}]}}