{"id":154,"date":"2024-10-11T16:24:17","date_gmt":"2024-10-11T14:24:17","guid":{"rendered":"https:\/\/labs.100x100.net\/projects\/enervent\/cookie-policy\/"},"modified":"2024-11-22T11:58:31","modified_gmt":"2024-11-22T10:58:31","slug":"politique-de-cookies","status":"publish","type":"page","link":"https:\/\/enerventperello.com\/fr\/politique-de-cookies\/","title":{"rendered":"Politique de cookies"},"content":{"rendered":"<div id=\"cookiefirst-policy-page\"><\/div>\n","protected":false},"excerpt":{"rendered":"","protected":false},"author":1,"featured_media":0,"parent":0,"menu_order":0,"comment_status":"closed","ping_status":"closed","template":"","meta":{"_acf_changed":false,"footnotes":""},"class_list":["post-154","page","type-page","status-publish","hentry"],"acf":[],"yoast_head":"<!-- This site is optimized with the Yoast SEO plugin v27.2 - https:\/\/yoast.com\/product\/yoast-seo-wordpress\/ -->\n<title>Politique de cookies - Enervent<\/title>\n<meta name=\"robots\" content=\"noindex, nofollow\" \/>\n<meta property=\"og:locale\" content=\"fr_FR\" \/>\n<meta property=\"og:type\" content=\"article\" \/>\n<meta property=\"og:title\" content=\"Politique de cookies - Enervent\" \/>\n<meta property=\"og:url\" content=\"https:\/\/enerventperello.com\/fr\/politique-de-cookies\/\" \/>\n<meta property=\"og:site_name\" content=\"Enervent\" \/>\n<meta property=\"article:modified_time\" content=\"2024-11-22T10:58:31+00:00\" \/>\n<meta name=\"twitter:card\" content=\"summary_large_image\" \/>\n<script type=\"application\/ld+json\" class=\"yoast-schema-graph\">{\"@context\":\"https:\/\/schema.org\",\"@graph\":[{\"@type\":\"WebPage\",\"@id\":\"https:\/\/enerventperello.com\/fr\/politique-de-cookies\/\",\"url\":\"https:\/\/enerventperello.com\/fr\/politique-de-cookies\/\",\"name\":\"Politique de cookies - Enervent\",\"isPartOf\":{\"@id\":\"https:\/\/enerventperello.com\/fr\/#website\"},\"datePublished\":\"2024-10-11T14:24:17+00:00\",\"dateModified\":\"2024-11-22T10:58:31+00:00\",\"breadcrumb\":{\"@id\":\"https:\/\/enerventperello.com\/fr\/politique-de-cookies\/#breadcrumb\"},\"inLanguage\":\"fr-FR\",\"potentialAction\":[{\"@type\":\"ReadAction\",\"target\":[\"https:\/\/enerventperello.com\/fr\/politique-de-cookies\/\"]}]},{\"@type\":\"BreadcrumbList\",\"@id\":\"https:\/\/enerventperello.com\/fr\/politique-de-cookies\/#breadcrumb\",\"itemListElement\":[{\"@type\":\"ListItem\",\"position\":1,\"name\":\"Inici\",\"item\":\"https:\/\/enerventperello.com\/fr\/\"},{\"@type\":\"ListItem\",\"position\":2,\"name\":\"Politique de cookies\"}]},{\"@type\":\"WebSite\",\"@id\":\"https:\/\/enerventperello.com\/fr\/#website\",\"url\":\"https:\/\/enerventperello.com\/fr\/\",\"name\":\"Enervent\",\"description\":\"Enervent \u25b6\ufe0f Descobreix el Parc E\u00f2lic Les Colladetes, pioner en energia renovable a Catalunya, amb m\u00e9s de 25 anys generant energia e\u00f2lica per a un futur sostenible.\",\"publisher\":{\"@id\":\"https:\/\/enerventperello.com\/fr\/#organization\"},\"potentialAction\":[{\"@type\":\"SearchAction\",\"target\":{\"@type\":\"EntryPoint\",\"urlTemplate\":\"https:\/\/enerventperello.com\/fr\/?s={search_term_string}\"},\"query-input\":{\"@type\":\"PropertyValueSpecification\",\"valueRequired\":true,\"valueName\":\"search_term_string\"}}],\"inLanguage\":\"fr-FR\"},{\"@type\":\"Organization\",\"@id\":\"https:\/\/enerventperello.com\/fr\/#organization\",\"name\":\"Enervent\",\"url\":\"https:\/\/enerventperello.com\/fr\/\",\"logo\":{\"@type\":\"ImageObject\",\"inLanguage\":\"fr-FR\",\"@id\":\"https:\/\/enerventperello.com\/fr\/#\/schema\/logo\/image\/\",\"url\":\"https:\/\/enerventperello.com\/custom\/uploads\/2025\/05\/enervent.png\",\"contentUrl\":\"https:\/\/enerventperello.com\/custom\/uploads\/2025\/05\/enervent.png\",\"width\":520,\"height\":80,\"caption\":\"Enervent\"},\"image\":{\"@id\":\"https:\/\/enerventperello.com\/fr\/#\/schema\/logo\/image\/\"}}]}<\/script>\n<!-- \/ Yoast SEO plugin. -->","yoast_head_json":{"title":"Politique de cookies - Enervent","robots":{"index":"noindex","follow":"nofollow"},"og_locale":"fr_FR","og_type":"article","og_title":"Politique de cookies - Enervent","og_url":"https:\/\/enerventperello.com\/fr\/politique-de-cookies\/","og_site_name":"Enervent","article_modified_time":"2024-11-22T10:58:31+00:00","twitter_card":"summary_large_image","schema":{"@context":"https:\/\/schema.org","@graph":[{"@type":"WebPage","@id":"https:\/\/enerventperello.com\/fr\/politique-de-cookies\/","url":"https:\/\/enerventperello.com\/fr\/politique-de-cookies\/","name":"Politique de cookies - Enervent","isPartOf":{"@id":"https:\/\/enerventperello.com\/fr\/#website"},"datePublished":"2024-10-11T14:24:17+00:00","dateModified":"2024-11-22T10:58:31+00:00","breadcrumb":{"@id":"https:\/\/enerventperello.com\/fr\/politique-de-cookies\/#breadcrumb"},"inLanguage":"fr-FR","potentialAction":[{"@type":"ReadAction","target":["https:\/\/enerventperello.com\/fr\/politique-de-cookies\/"]}]},{"@type":"BreadcrumbList","@id":"https:\/\/enerventperello.com\/fr\/politique-de-cookies\/#breadcrumb","itemListElement":[{"@type":"ListItem","position":1,"name":"Inici","item":"https:\/\/enerventperello.com\/fr\/"},{"@type":"ListItem","position":2,"name":"Politique de cookies"}]},{"@type":"WebSite","@id":"https:\/\/enerventperello.com\/fr\/#website","url":"https:\/\/enerventperello.com\/fr\/","name":"Enervent","description":"Enervent \u25b6\ufe0f Descobreix el Parc E\u00f2lic Les Colladetes, pioner en energia renovable a Catalunya, amb m\u00e9s de 25 anys generant energia e\u00f2lica per a un futur sostenible.","publisher":{"@id":"https:\/\/enerventperello.com\/fr\/#organization"},"potentialAction":[{"@type":"SearchAction","target":{"@type":"EntryPoint","urlTemplate":"https:\/\/enerventperello.com\/fr\/?s={search_term_string}"},"query-input":{"@type":"PropertyValueSpecification","valueRequired":true,"valueName":"search_term_string"}}],"inLanguage":"fr-FR"},{"@type":"Organization","@id":"https:\/\/enerventperello.com\/fr\/#organization","name":"Enervent","url":"https:\/\/enerventperello.com\/fr\/","logo":{"@type":"ImageObject","inLanguage":"fr-FR","@id":"https:\/\/enerventperello.com\/fr\/#\/schema\/logo\/image\/","url":"https:\/\/enerventperello.com\/custom\/uploads\/2025\/05\/enervent.png","contentUrl":"https:\/\/enerventperello.com\/custom\/uploads\/2025\/05\/enervent.png","width":520,"height":80,"caption":"Enervent"},"image":{"@id":"https:\/\/enerventperello.com\/fr\/#\/schema\/logo\/image\/"}}]}},"_links":{"self":[{"href":"https:\/\/enerventperello.com\/fr\/wp-json\/wp\/v2\/pages\/154","targetHints":{"allow":["GET"]}}],"collection":[{"href":"https:\/\/enerventperello.com\/fr\/wp-json\/wp\/v2\/pages"}],"about":[{"href":"https:\/\/enerventperello.com\/fr\/wp-json\/wp\/v2\/types\/page"}],"author":[{"embeddable":true,"href":"https:\/\/enerventperello.com\/fr\/wp-json\/wp\/v2\/users\/1"}],"replies":[{"embeddable":true,"href":"https:\/\/enerventperello.com\/fr\/wp-json\/wp\/v2\/comments?post=154"}],"version-history":[{"count":0,"href":"https:\/\/enerventperello.com\/fr\/wp-json\/wp\/v2\/pages\/154\/revisions"}],"wp:attachment":[{"href":"https:\/\/enerventperello.com\/fr\/wp-json\/wp\/v2\/media?parent=154"}],"curies":[{"name":"wp","href":"https:\/\/api.w.org\/{rel}","templated":true}]}}