{"id":146,"date":"2024-10-11T14:13:52","date_gmt":"2024-10-11T12:13:52","guid":{"rendered":"https:\/\/labs.100x100.net\/projects\/enervent\/les-colladetes-wind-farm\/"},"modified":"2026-04-14T17:22:23","modified_gmt":"2026-04-14T15:22:23","slug":"parc-eolien-les-colladetes","status":"publish","type":"page","link":"https:\/\/enerventperello.com\/fr\/parc-eolien-les-colladetes\/","title":{"rendered":"Le Parc \u00c9olien"},"content":{"rendered":"","protected":false},"excerpt":{"rendered":"","protected":false},"author":1,"featured_media":0,"parent":0,"menu_order":0,"comment_status":"closed","ping_status":"closed","template":"page-parque.php","meta":{"_acf_changed":false,"footnotes":""},"class_list":["post-146","page","type-page","status-publish","hentry"],"acf":[],"yoast_head":"<!-- This site is optimized with the Yoast SEO plugin v27.2 - https:\/\/yoast.com\/product\/yoast-seo-wordpress\/ -->\n<title>Parc \u00c9olien Les Colladetes - 25 ans d&#039;\u00e9nergie renouvelable- Enervent<\/title>\n<meta name=\"description\" content=\"D\u00e9couvrez le Parc \u00c9olien Les Colladetes, pionnier des \u00e9nergies renouvelables en Catalogne, en r\u00e9novation pour plus d&#039;efficacit\u00e9 et de durabilit\u00e9\" \/>\n<meta name=\"robots\" content=\"index, follow, max-snippet:-1, max-image-preview:large, max-video-preview:-1\" \/>\n<link rel=\"canonical\" href=\"https:\/\/enerventperello.com\/fr\/parc-eolien-les-colladetes\/\" \/>\n<meta property=\"og:locale\" content=\"fr_FR\" \/>\n<meta property=\"og:type\" content=\"article\" \/>\n<meta property=\"og:title\" content=\"Parc \u00c9olien Les Colladetes - 25 ans d&#039;\u00e9nergie renouvelable- Enervent\" \/>\n<meta property=\"og:description\" content=\"D\u00e9couvrez le Parc \u00c9olien Les Colladetes, pionnier des \u00e9nergies renouvelables en Catalogne, en r\u00e9novation pour plus d&#039;efficacit\u00e9 et de durabilit\u00e9\" \/>\n<meta property=\"og:url\" content=\"https:\/\/enerventperello.com\/fr\/parc-eolien-les-colladetes\/\" \/>\n<meta property=\"og:site_name\" content=\"Enervent\" \/>\n<meta property=\"article:modified_time\" content=\"2026-04-14T15:22:23+00:00\" \/>\n<meta name=\"twitter:card\" content=\"summary_large_image\" \/>\n<script type=\"application\/ld+json\" class=\"yoast-schema-graph\">{\"@context\":\"https:\/\/schema.org\",\"@graph\":[{\"@type\":\"WebPage\",\"@id\":\"https:\/\/enerventperello.com\/fr\/parc-eolien-les-colladetes\/\",\"url\":\"https:\/\/enerventperello.com\/fr\/parc-eolien-les-colladetes\/\",\"name\":\"Parc \u00c9olien Les Colladetes - 25 ans d'\u00e9nergie renouvelable- Enervent\",\"isPartOf\":{\"@id\":\"https:\/\/www.enerventperello.com\/fr\/#website\"},\"datePublished\":\"2024-10-11T12:13:52+00:00\",\"dateModified\":\"2026-04-14T15:22:23+00:00\",\"description\":\"D\u00e9couvrez le Parc \u00c9olien Les Colladetes, pionnier des \u00e9nergies renouvelables en Catalogne, en r\u00e9novation pour plus d'efficacit\u00e9 et de durabilit\u00e9\",\"breadcrumb\":{\"@id\":\"https:\/\/enerventperello.com\/fr\/parc-eolien-les-colladetes\/#breadcrumb\"},\"inLanguage\":\"fr-FR\",\"potentialAction\":[{\"@type\":\"ReadAction\",\"target\":[\"https:\/\/enerventperello.com\/fr\/parc-eolien-les-colladetes\/\"]}]},{\"@type\":\"BreadcrumbList\",\"@id\":\"https:\/\/enerventperello.com\/fr\/parc-eolien-les-colladetes\/#breadcrumb\",\"itemListElement\":[{\"@type\":\"ListItem\",\"position\":1,\"name\":\"Inici\",\"item\":\"https:\/\/www.enerventperello.com\/fr\/\"},{\"@type\":\"ListItem\",\"position\":2,\"name\":\"Le Parc \u00c9olien\"}]},{\"@type\":\"WebSite\",\"@id\":\"https:\/\/www.enerventperello.com\/fr\/#website\",\"url\":\"https:\/\/www.enerventperello.com\/fr\/\",\"name\":\"Enervent\",\"description\":\"Enervent \u25b6\ufe0f Descobreix el Parc E\u00f2lic Les Colladetes, pioner en energia renovable a Catalunya, amb m\u00e9s de 25 anys generant energia e\u00f2lica per a un futur sostenible.\",\"publisher\":{\"@id\":\"https:\/\/www.enerventperello.com\/fr\/#organization\"},\"potentialAction\":[{\"@type\":\"SearchAction\",\"target\":{\"@type\":\"EntryPoint\",\"urlTemplate\":\"https:\/\/www.enerventperello.com\/fr\/?s={search_term_string}\"},\"query-input\":{\"@type\":\"PropertyValueSpecification\",\"valueRequired\":true,\"valueName\":\"search_term_string\"}}],\"inLanguage\":\"fr-FR\"},{\"@type\":\"Organization\",\"@id\":\"https:\/\/www.enerventperello.com\/fr\/#organization\",\"name\":\"Enervent\",\"url\":\"https:\/\/www.enerventperello.com\/fr\/\",\"logo\":{\"@type\":\"ImageObject\",\"inLanguage\":\"fr-FR\",\"@id\":\"https:\/\/www.enerventperello.com\/fr\/#\/schema\/logo\/image\/\",\"url\":\"https:\/\/enerventperello.com\/custom\/uploads\/2025\/05\/enervent.png\",\"contentUrl\":\"https:\/\/enerventperello.com\/custom\/uploads\/2025\/05\/enervent.png\",\"width\":520,\"height\":80,\"caption\":\"Enervent\"},\"image\":{\"@id\":\"https:\/\/www.enerventperello.com\/fr\/#\/schema\/logo\/image\/\"}}]}<\/script>\n<!-- \/ Yoast SEO plugin. -->","yoast_head_json":{"title":"Parc \u00c9olien Les Colladetes - 25 ans d'\u00e9nergie renouvelable- Enervent","description":"D\u00e9couvrez le Parc \u00c9olien Les Colladetes, pionnier des \u00e9nergies renouvelables en Catalogne, en r\u00e9novation pour plus d'efficacit\u00e9 et de durabilit\u00e9","robots":{"index":"index","follow":"follow","max-snippet":"max-snippet:-1","max-image-preview":"max-image-preview:large","max-video-preview":"max-video-preview:-1"},"canonical":"https:\/\/enerventperello.com\/fr\/parc-eolien-les-colladetes\/","og_locale":"fr_FR","og_type":"article","og_title":"Parc \u00c9olien Les Colladetes - 25 ans d'\u00e9nergie renouvelable- Enervent","og_description":"D\u00e9couvrez le Parc \u00c9olien Les Colladetes, pionnier des \u00e9nergies renouvelables en Catalogne, en r\u00e9novation pour plus d'efficacit\u00e9 et de durabilit\u00e9","og_url":"https:\/\/enerventperello.com\/fr\/parc-eolien-les-colladetes\/","og_site_name":"Enervent","article_modified_time":"2026-04-14T15:22:23+00:00","twitter_card":"summary_large_image","schema":{"@context":"https:\/\/schema.org","@graph":[{"@type":"WebPage","@id":"https:\/\/enerventperello.com\/fr\/parc-eolien-les-colladetes\/","url":"https:\/\/enerventperello.com\/fr\/parc-eolien-les-colladetes\/","name":"Parc \u00c9olien Les Colladetes - 25 ans d'\u00e9nergie renouvelable- Enervent","isPartOf":{"@id":"https:\/\/www.enerventperello.com\/fr\/#website"},"datePublished":"2024-10-11T12:13:52+00:00","dateModified":"2026-04-14T15:22:23+00:00","description":"D\u00e9couvrez le Parc \u00c9olien Les Colladetes, pionnier des \u00e9nergies renouvelables en Catalogne, en r\u00e9novation pour plus d'efficacit\u00e9 et de durabilit\u00e9","breadcrumb":{"@id":"https:\/\/enerventperello.com\/fr\/parc-eolien-les-colladetes\/#breadcrumb"},"inLanguage":"fr-FR","potentialAction":[{"@type":"ReadAction","target":["https:\/\/enerventperello.com\/fr\/parc-eolien-les-colladetes\/"]}]},{"@type":"BreadcrumbList","@id":"https:\/\/enerventperello.com\/fr\/parc-eolien-les-colladetes\/#breadcrumb","itemListElement":[{"@type":"ListItem","position":1,"name":"Inici","item":"https:\/\/www.enerventperello.com\/fr\/"},{"@type":"ListItem","position":2,"name":"Le Parc \u00c9olien"}]},{"@type":"WebSite","@id":"https:\/\/www.enerventperello.com\/fr\/#website","url":"https:\/\/www.enerventperello.com\/fr\/","name":"Enervent","description":"Enervent \u25b6\ufe0f Descobreix el Parc E\u00f2lic Les Colladetes, pioner en energia renovable a Catalunya, amb m\u00e9s de 25 anys generant energia e\u00f2lica per a un futur sostenible.","publisher":{"@id":"https:\/\/www.enerventperello.com\/fr\/#organization"},"potentialAction":[{"@type":"SearchAction","target":{"@type":"EntryPoint","urlTemplate":"https:\/\/www.enerventperello.com\/fr\/?s={search_term_string}"},"query-input":{"@type":"PropertyValueSpecification","valueRequired":true,"valueName":"search_term_string"}}],"inLanguage":"fr-FR"},{"@type":"Organization","@id":"https:\/\/www.enerventperello.com\/fr\/#organization","name":"Enervent","url":"https:\/\/www.enerventperello.com\/fr\/","logo":{"@type":"ImageObject","inLanguage":"fr-FR","@id":"https:\/\/www.enerventperello.com\/fr\/#\/schema\/logo\/image\/","url":"https:\/\/enerventperello.com\/custom\/uploads\/2025\/05\/enervent.png","contentUrl":"https:\/\/enerventperello.com\/custom\/uploads\/2025\/05\/enervent.png","width":520,"height":80,"caption":"Enervent"},"image":{"@id":"https:\/\/www.enerventperello.com\/fr\/#\/schema\/logo\/image\/"}}]}},"_links":{"self":[{"href":"https:\/\/enerventperello.com\/fr\/wp-json\/wp\/v2\/pages\/146","targetHints":{"allow":["GET"]}}],"collection":[{"href":"https:\/\/enerventperello.com\/fr\/wp-json\/wp\/v2\/pages"}],"about":[{"href":"https:\/\/enerventperello.com\/fr\/wp-json\/wp\/v2\/types\/page"}],"author":[{"embeddable":true,"href":"https:\/\/enerventperello.com\/fr\/wp-json\/wp\/v2\/users\/1"}],"replies":[{"embeddable":true,"href":"https:\/\/enerventperello.com\/fr\/wp-json\/wp\/v2\/comments?post=146"}],"version-history":[{"count":0,"href":"https:\/\/enerventperello.com\/fr\/wp-json\/wp\/v2\/pages\/146\/revisions"}],"wp:attachment":[{"href":"https:\/\/enerventperello.com\/fr\/wp-json\/wp\/v2\/media?parent=146"}],"curies":[{"name":"wp","href":"https:\/\/api.w.org\/{rel}","templated":true}]}}