{"id":131,"date":"2024-10-11T16:22:59","date_gmt":"2024-10-11T14:22:59","guid":{"rendered":"https:\/\/labs.100x100.net\/projects\/enervent\/accessibility\/"},"modified":"2024-12-20T10:33:05","modified_gmt":"2024-12-20T09:33:05","slug":"accessibilite","status":"publish","type":"page","link":"https:\/\/enerventperello.com\/fr\/accessibilite\/","title":{"rendered":"Accessibilit\u00e9"},"content":{"rendered":"<p><strong>Enervent, S.A.<\/strong> s&#8217;engage \u00e0 rendre son site web accessible, conform\u00e9ment au D\u00e9cret royal 1112\/2018, du 7 septembre, relatif \u00e0 l&#8217;accessibilit\u00e9 des sites web et des applications mobiles, qui transpose en droit espagnol la Directive (UE) 2016\/2102 du Parlement europ\u00e9en et du Conseil.<\/p>\n<p>Cette d\u00e9claration d&#8217;accessibilit\u00e9 s&#8217;applique au site web <strong>www.enerventperello.com<\/strong>.<\/p>\n<h4 class=\"p1\">\u00c9tat de conformit\u00e9<\/h4>\n<p>Ce site web est partiellement conforme au D\u00e9cret royal 1112\/2018 en raison des exceptions et des non-conformit\u00e9s indiqu\u00e9es ci-dessous.<\/p>\n<h4 class=\"p1\">Contenu non accessible<\/h4>\n<p>Le contenu d\u00e9crit ci-dessous n&#8217;est pas accessible pour les raisons suivantes :<\/p>\n<ul>\n<li>Non-conformit\u00e9 avec le D\u00e9cret royal 1112\/2018.<\/li>\n<li>En raison de l&#8217;automatisation de certaines publications, certaines pages peuvent pr\u00e9senter un mauvais encastrement des balises HTML.<\/li>\n<li>Il existe des documents PDF qui ne respectent pas les normes, bien que certains disposent d&#8217;une alternative textuelle HTML conforme.<\/li>\n<li>Des erreurs d&#8217;\u00e9dition ponctuelles peuvent appara\u00eetre sur certaines pages web.<\/li>\n<li>Charge disproportionn\u00e9e.<\/li>\n<li>Non applicable.<\/li>\n<li>Contenu hors du champ d&#8217;application de la l\u00e9gislation en vigueur :\n<ul>\n<li>Fichiers bureautiques en PDF ou autres formats, ainsi que des applications publi\u00e9es avant le 20 septembre 2018, qui ne respectent pas pleinement toutes les exigences d&#8217;accessibilit\u00e9.<\/li>\n<li>Contenu multim\u00e9dia en direct.<\/li>\n<li>Contenu multim\u00e9dia pr\u00e9enregistr\u00e9 de nature temporaire, comme les s\u00e9ances pl\u00e9ni\u00e8res et les conf\u00e9rences de presse, ou publi\u00e9 avant l&#8217;entr\u00e9e en vigueur du D\u00e9cret royal.<\/li>\n<li>Services de cartographie en ligne.<\/li>\n<\/ul>\n<\/li>\n<\/ul>\n<p><strong>Pr\u00e9paration de cette d\u00e9claration d&#8217;accessibilit\u00e9<\/strong><\/p>\n<p>Cette d\u00e9claration a \u00e9t\u00e9 pr\u00e9par\u00e9e le 11 avril 2023 et repose sur les rapports d&#8217;accessibilit\u00e9 web de l&#8217;Observatoire de l&#8217;accessibilit\u00e9.<\/p>\n<h4 class=\"p1\">Observations et contact<\/h4>\n<p>Vous pouvez soumettre des communications concernant les exigences d&#8217;accessibilit\u00e9 (article 10.2 du D\u00e9cret royal 1112\/2018) comme :<\/p>\n<ul>\n<li>Signaler tout manquement \u00e9ventuel de ce site web.<\/li>\n<li>Faire part de toute autre difficult\u00e9 d&#8217;acc\u00e8s au contenu.<\/li>\n<li>Formuler toute autre question ou suggestion d&#8217;am\u00e9lioration concernant l&#8217;accessibilit\u00e9 du site web via le formulaire de contact de ce site.<\/li>\n<\/ul>\n<p>Les communications seront re\u00e7ues et trait\u00e9es par Enervent, S.A.<\/p>\n<h4 class=\"p1\">Proc\u00e9dure d&#8217;application<\/h4>\n<p>Une proc\u00e9dure d&#8217;application appropri\u00e9e et efficace sera mise en \u0153uvre, \u00e0 utiliser en cas de r\u00e9ponse insatisfaisante \u00e0 une communication ou une demande.<\/p>\n<h4 class=\"p1\">Contenu optionnel<\/h4>\n<p>Ce site web :<\/p>\n<ul>\n<li>A \u00e9t\u00e9 con\u00e7u conform\u00e9ment aux normes et r\u00e9glementations en vigueur en mati\u00e8re d&#8217;accessibilit\u00e9, r\u00e9pondant aux crit\u00e8res de niveau AA d\u00e9finis dans les R\u00e8gles pour l&#8217;accessibilit\u00e9 des contenus Web (WCAG 2.1).<\/li>\n<li>Respecte les exigences de la Norme UNE-EN 301549 v1.1.2:2015, en tenant compte des exceptions du D\u00e9cret royal 1112\/2018.<\/li>\n<li>Est con\u00e7u pour un affichage correct sur les appareils de bureau, tablettes et mobiles avec une r\u00e9solution minimale de 1280\u00d71024.<\/li>\n<li>A \u00e9t\u00e9 d\u00e9velopp\u00e9 en utilisant HTML5 comme langage de balisage et des feuilles de style CSS3 pour la conception.<\/li>\n<li>Est con\u00e7u pour \u00eatre utilis\u00e9 avec du JavaScript non intrusif.<\/li>\n<\/ul>\n","protected":false},"excerpt":{"rendered":"<p>Enervent, S.A. s&#8217;engage \u00e0 rendre son site web accessible, conform\u00e9ment au D\u00e9cret royal 1112\/2018, du 7 septembre, relatif \u00e0 l&#8217;accessibilit\u00e9 des sites web et des applications mobiles, qui transpose en droit espagnol la Directive (UE) 2016\/2102 du Parlement europ\u00e9en et du Conseil. Cette d\u00e9claration d&#8217;accessibilit\u00e9 s&#8217;applique au site web www.enerventperello.com. \u00c9tat de conformit\u00e9 Ce site [&hellip;]<\/p>\n","protected":false},"author":1,"featured_media":0,"parent":0,"menu_order":0,"comment_status":"closed","ping_status":"closed","template":"","meta":{"_acf_changed":false,"footnotes":""},"class_list":["post-131","page","type-page","status-publish","hentry"],"acf":[],"yoast_head":"<!-- This site is optimized with the Yoast SEO plugin v27.2 - https:\/\/yoast.com\/product\/yoast-seo-wordpress\/ -->\n<title>Accessibilit\u00e9 - Enervent<\/title>\n<meta name=\"robots\" content=\"noindex, nofollow\" \/>\n<meta property=\"og:locale\" content=\"fr_FR\" \/>\n<meta property=\"og:type\" content=\"article\" \/>\n<meta property=\"og:title\" content=\"Accessibilit\u00e9 - Enervent\" \/>\n<meta property=\"og:description\" content=\"Enervent, S.A. s&#8217;engage \u00e0 rendre son site web accessible, conform\u00e9ment au D\u00e9cret royal 1112\/2018, du 7 septembre, relatif \u00e0 l&#8217;accessibilit\u00e9 des sites web et des applications mobiles, qui transpose en droit espagnol la Directive (UE) 2016\/2102 du Parlement europ\u00e9en et du Conseil. Cette d\u00e9claration d&#8217;accessibilit\u00e9 s&#8217;applique au site web www.enerventperello.com. \u00c9tat de conformit\u00e9 Ce site [&hellip;]\" \/>\n<meta property=\"og:url\" content=\"https:\/\/enerventperello.com\/fr\/accessibilite\/\" \/>\n<meta property=\"og:site_name\" content=\"Enervent\" \/>\n<meta property=\"article:modified_time\" content=\"2024-12-20T09:33:05+00:00\" \/>\n<meta name=\"twitter:card\" content=\"summary_large_image\" \/>\n<meta name=\"twitter:label1\" content=\"Est. reading time\" \/>\n\t<meta name=\"twitter:data1\" content=\"3 minutes\" \/>\n<script type=\"application\/ld+json\" class=\"yoast-schema-graph\">{\"@context\":\"https:\/\/schema.org\",\"@graph\":[{\"@type\":\"WebPage\",\"@id\":\"https:\/\/enerventperello.com\/fr\/accessibilite\/\",\"url\":\"https:\/\/enerventperello.com\/fr\/accessibilite\/\",\"name\":\"Accessibilit\u00e9 - Enervent\",\"isPartOf\":{\"@id\":\"https:\/\/www.enerventperello.com\/fr\/#website\"},\"datePublished\":\"2024-10-11T14:22:59+00:00\",\"dateModified\":\"2024-12-20T09:33:05+00:00\",\"breadcrumb\":{\"@id\":\"https:\/\/enerventperello.com\/fr\/accessibilite\/#breadcrumb\"},\"inLanguage\":\"fr-FR\",\"potentialAction\":[{\"@type\":\"ReadAction\",\"target\":[\"https:\/\/enerventperello.com\/fr\/accessibilite\/\"]}]},{\"@type\":\"BreadcrumbList\",\"@id\":\"https:\/\/enerventperello.com\/fr\/accessibilite\/#breadcrumb\",\"itemListElement\":[{\"@type\":\"ListItem\",\"position\":1,\"name\":\"Inici\",\"item\":\"https:\/\/www.enerventperello.com\/fr\/\"},{\"@type\":\"ListItem\",\"position\":2,\"name\":\"Accessibilit\u00e9\"}]},{\"@type\":\"WebSite\",\"@id\":\"https:\/\/www.enerventperello.com\/fr\/#website\",\"url\":\"https:\/\/www.enerventperello.com\/fr\/\",\"name\":\"Enervent\",\"description\":\"Enervent \u25b6\ufe0f Descobreix el Parc E\u00f2lic Les Colladetes, pioner en energia renovable a Catalunya, amb m\u00e9s de 25 anys generant energia e\u00f2lica per a un futur sostenible.\",\"publisher\":{\"@id\":\"https:\/\/www.enerventperello.com\/fr\/#organization\"},\"potentialAction\":[{\"@type\":\"SearchAction\",\"target\":{\"@type\":\"EntryPoint\",\"urlTemplate\":\"https:\/\/www.enerventperello.com\/fr\/?s={search_term_string}\"},\"query-input\":{\"@type\":\"PropertyValueSpecification\",\"valueRequired\":true,\"valueName\":\"search_term_string\"}}],\"inLanguage\":\"fr-FR\"},{\"@type\":\"Organization\",\"@id\":\"https:\/\/www.enerventperello.com\/fr\/#organization\",\"name\":\"Enervent\",\"url\":\"https:\/\/www.enerventperello.com\/fr\/\",\"logo\":{\"@type\":\"ImageObject\",\"inLanguage\":\"fr-FR\",\"@id\":\"https:\/\/www.enerventperello.com\/fr\/#\/schema\/logo\/image\/\",\"url\":\"https:\/\/enerventperello.com\/custom\/uploads\/2025\/05\/enervent.png\",\"contentUrl\":\"https:\/\/enerventperello.com\/custom\/uploads\/2025\/05\/enervent.png\",\"width\":520,\"height\":80,\"caption\":\"Enervent\"},\"image\":{\"@id\":\"https:\/\/www.enerventperello.com\/fr\/#\/schema\/logo\/image\/\"}}]}<\/script>\n<!-- \/ Yoast SEO plugin. -->","yoast_head_json":{"title":"Accessibilit\u00e9 - Enervent","robots":{"index":"noindex","follow":"nofollow"},"og_locale":"fr_FR","og_type":"article","og_title":"Accessibilit\u00e9 - Enervent","og_description":"Enervent, S.A. s&#8217;engage \u00e0 rendre son site web accessible, conform\u00e9ment au D\u00e9cret royal 1112\/2018, du 7 septembre, relatif \u00e0 l&#8217;accessibilit\u00e9 des sites web et des applications mobiles, qui transpose en droit espagnol la Directive (UE) 2016\/2102 du Parlement europ\u00e9en et du Conseil. Cette d\u00e9claration d&#8217;accessibilit\u00e9 s&#8217;applique au site web www.enerventperello.com. \u00c9tat de conformit\u00e9 Ce site [&hellip;]","og_url":"https:\/\/enerventperello.com\/fr\/accessibilite\/","og_site_name":"Enervent","article_modified_time":"2024-12-20T09:33:05+00:00","twitter_card":"summary_large_image","twitter_misc":{"Est. reading time":"3 minutes"},"schema":{"@context":"https:\/\/schema.org","@graph":[{"@type":"WebPage","@id":"https:\/\/enerventperello.com\/fr\/accessibilite\/","url":"https:\/\/enerventperello.com\/fr\/accessibilite\/","name":"Accessibilit\u00e9 - Enervent","isPartOf":{"@id":"https:\/\/www.enerventperello.com\/fr\/#website"},"datePublished":"2024-10-11T14:22:59+00:00","dateModified":"2024-12-20T09:33:05+00:00","breadcrumb":{"@id":"https:\/\/enerventperello.com\/fr\/accessibilite\/#breadcrumb"},"inLanguage":"fr-FR","potentialAction":[{"@type":"ReadAction","target":["https:\/\/enerventperello.com\/fr\/accessibilite\/"]}]},{"@type":"BreadcrumbList","@id":"https:\/\/enerventperello.com\/fr\/accessibilite\/#breadcrumb","itemListElement":[{"@type":"ListItem","position":1,"name":"Inici","item":"https:\/\/www.enerventperello.com\/fr\/"},{"@type":"ListItem","position":2,"name":"Accessibilit\u00e9"}]},{"@type":"WebSite","@id":"https:\/\/www.enerventperello.com\/fr\/#website","url":"https:\/\/www.enerventperello.com\/fr\/","name":"Enervent","description":"Enervent \u25b6\ufe0f Descobreix el Parc E\u00f2lic Les Colladetes, pioner en energia renovable a Catalunya, amb m\u00e9s de 25 anys generant energia e\u00f2lica per a un futur sostenible.","publisher":{"@id":"https:\/\/www.enerventperello.com\/fr\/#organization"},"potentialAction":[{"@type":"SearchAction","target":{"@type":"EntryPoint","urlTemplate":"https:\/\/www.enerventperello.com\/fr\/?s={search_term_string}"},"query-input":{"@type":"PropertyValueSpecification","valueRequired":true,"valueName":"search_term_string"}}],"inLanguage":"fr-FR"},{"@type":"Organization","@id":"https:\/\/www.enerventperello.com\/fr\/#organization","name":"Enervent","url":"https:\/\/www.enerventperello.com\/fr\/","logo":{"@type":"ImageObject","inLanguage":"fr-FR","@id":"https:\/\/www.enerventperello.com\/fr\/#\/schema\/logo\/image\/","url":"https:\/\/enerventperello.com\/custom\/uploads\/2025\/05\/enervent.png","contentUrl":"https:\/\/enerventperello.com\/custom\/uploads\/2025\/05\/enervent.png","width":520,"height":80,"caption":"Enervent"},"image":{"@id":"https:\/\/www.enerventperello.com\/fr\/#\/schema\/logo\/image\/"}}]}},"_links":{"self":[{"href":"https:\/\/enerventperello.com\/fr\/wp-json\/wp\/v2\/pages\/131","targetHints":{"allow":["GET"]}}],"collection":[{"href":"https:\/\/enerventperello.com\/fr\/wp-json\/wp\/v2\/pages"}],"about":[{"href":"https:\/\/enerventperello.com\/fr\/wp-json\/wp\/v2\/types\/page"}],"author":[{"embeddable":true,"href":"https:\/\/enerventperello.com\/fr\/wp-json\/wp\/v2\/users\/1"}],"replies":[{"embeddable":true,"href":"https:\/\/enerventperello.com\/fr\/wp-json\/wp\/v2\/comments?post=131"}],"version-history":[{"count":0,"href":"https:\/\/enerventperello.com\/fr\/wp-json\/wp\/v2\/pages\/131\/revisions"}],"wp:attachment":[{"href":"https:\/\/enerventperello.com\/fr\/wp-json\/wp\/v2\/media?parent=131"}],"curies":[{"name":"wp","href":"https:\/\/api.w.org\/{rel}","templated":true}]}}