{"id":24,"date":"2024-10-11T16:23:14","date_gmt":"2024-10-11T14:23:14","guid":{"rendered":"https:\/\/labs.100x100.net\/projects\/enervent\/?page_id=24"},"modified":"2024-12-19T11:20:51","modified_gmt":"2024-12-19T10:20:51","slug":"aviso-legal","status":"publish","type":"page","link":"https:\/\/enerventperello.com\/es\/aviso-legal\/","title":{"rendered":"Aviso legal"},"content":{"rendered":"<h4>Titularidad y objeto de la Web<\/h4>\n<p>El sitio web enerventperello.com (en adelante, la \u00abWeb\u00bb) es un sitio web propiedad de ENERVENT S.A. (en adelante, la \u00abEmpresa\u00bb), sociedad legalmente constituida bajo la legislaci\u00f3n espa\u00f1ola con N.I.F. A60900388, con domicilio en Calle Travessera de Gr\u00e0cia, n\u00famero 62 &#8211; 2\u00ba 5\u00ba, 08006 Barcelona, e inscrita en el Registro Mercantil de Barcelona bajo el Tomo 39428, Folio 190, Hoja B-143012.<\/p>\n<p>Nuestra p\u00e1gina web ha sido dise\u00f1ada con el fin de ofrecer a nuestros usuarios informaci\u00f3n detallada sobre nuestro parque e\u00f3lico, as\u00ed como permitirles solicitar visitas, recibir informaci\u00f3n sobre ENERVENT y realizar consultas.<\/p>\n<p>&nbsp;<\/p>\n<h4>Aceptaci\u00f3n de los T\u00e9rminos y Condiciones<\/h4>\n<p>El acceso y uso de nuestra Web, as\u00ed como la informaci\u00f3n, servicios y contenidos est\u00e1n sujetos a la legislaci\u00f3n y normativa aplicable, as\u00ed como a las disposiciones establecidas en los presentes T\u00e9rminos y Condiciones de Uso.<\/p>\n<p>El Usuario reconoce y acepta haber le\u00eddo y comprendido los T\u00e9rminos y Condiciones de Uso de la Web, cuyo contenido constituye la totalidad del acuerdo entre el Usuario y la Empresa. Al utilizar cualquiera de las funcionalidades de nuestra web, el Usuario expresamente reconoce y acepta obligarse por los T\u00e9rminos y Condiciones de Uso, as\u00ed como por la Pol\u00edtica de Privacidad de la Web y otras pol\u00edticas corporativas de la Empresa que sean aplicables. Asimismo, el Usuario reconoce y acepta que los servicios y contenidos ofrecidos a trav\u00e9s de la Web no infringen ni deben ser utilizados para infringir la normativa y\/o regulaciones vigentes.<\/p>\n<p>La Empresa se reserva el derecho de modificar los T\u00e9rminos y Condiciones de Uso de la Web sin necesidad de notificaci\u00f3n espec\u00edfica al Usuario. En este sentido, es importante que el Usuario consulte los T\u00e9rminos y Condiciones de Uso regularmente.<\/p>\n<p>&nbsp;<\/p>\n<h4>Operativa<\/h4>\n<p>Datos personales: La visita a la web no supone que el Usuario est\u00e9 obligado a facilitar informaci\u00f3n sobre s\u00ed mismo. En caso de que proporcione informaci\u00f3n de car\u00e1cter personal, los datos recabados ser\u00e1n utilizados con la finalidad, en la forma y con las limitaciones y derechos recogidos en el Reglamento General de Protecci\u00f3n de Datos (RGPD) y la Ley Org\u00e1nica de Protecci\u00f3n de Datos Personales y Garant\u00eda de los Derechos Digitales (LOPDGDD). En tal caso, ser\u00e1 aplicable nuestra Pol\u00edtica de Privacidad.<\/p>\n<p>Formulario de contacto: El Usuario que desee solicitar una visita a nuestro parque e\u00f3lico, recibir informaci\u00f3n sobre ENERVENT o realizar consultas, podr\u00e1 hacerlo mediante el formulario disponible en la web. Los campos del formulario son: Nombre, Apellidos, Email, Tel\u00e9fono, Asunto y Comentarios. Asimismo, el Usuario deber\u00e1 marcar las casillas correspondientes para aceptar la Pol\u00edtica de Privacidad y, si lo desea, para recibir informaci\u00f3n de ENERVENT.<\/p>\n<p>&nbsp;<\/p>\n<h4>Exclusiones de Responsabilidad<\/h4>\n<p>Debido a las situaciones imprevisibles que caracterizan los entornos tecnol\u00f3gicos e Internet, la Empresa se reserva el derecho de suspender temporalmente el acceso o cualquiera de las funcionalidades ofrecidas por la Web, ya sea por razones t\u00e9cnicas, de seguridad o de mantenimiento. Asimismo, la Empresa se reserva el derecho de implementar y realizar cambios y\/o actualizaciones de la web en cualquier momento, con o sin notificaci\u00f3n previa.<\/p>\n<p>El Usuario reconoce y acepta que la Empresa podr\u00e1 realizar determinadas acciones para impedir el acceso del Usuario a la Web en ciertos momentos y por per\u00edodos limitados. En este sentido, el Usuario acepta que la Empresa no ser\u00e1 responsable, como resultado de estas acciones, de la eliminaci\u00f3n o fallo en la puesta a disposici\u00f3n de ciertos contenidos o funcionalidades de la Web.<\/p>\n<p>La Empresa no se responsabiliza de los errores u omisiones de los contenidos del sitio web, ni de los da\u00f1os derivados de la utilizaci\u00f3n del sitio web, ni de cualquier actuaci\u00f3n realizada sobre la base de la informaci\u00f3n que en \u00e9l se facilita.<\/p>\n<p>La Empresa no garantiza la ausencia de virus u otros elementos da\u00f1inos que puedan causar da\u00f1os o alteraciones en el sistema inform\u00e1tico, documentos electr\u00f3nicos o archivos del Usuario; ni responde de los da\u00f1os y perjuicios que tales elementos puedan ocasionar al Usuario o a terceros.<\/p>\n<p>El sitio web tiene car\u00e1cter informativo, por lo que su contenido podr\u00e1 ser modificado, ampliado o suprimido en cualquier momento, sin previo aviso.<\/p>\n<p>&nbsp;<\/p>\n<h4>Propiedad Intelectual<\/h4>\n<p>El Usuario reconoce y acepta que la totalidad de los derechos, t\u00edtulos e intereses asociados a la Web, sus contenidos y aplicaciones inform\u00e1ticas, incluyendo cualquier modificaci\u00f3n, actualizaci\u00f3n y nuevas versiones, as\u00ed como cualquier marca, nombre comercial, know-how, derechos de autor, nombres de dominio y cualquier otro derecho de propiedad industrial o intelectual inherente a la Web, son propiedad exclusiva de la Empresa o son utilizados por la Empresa bajo licencia y con la debida autorizaci\u00f3n de los titulares de estos derechos.<\/p>\n<p>Queda prohibida la reproducci\u00f3n total o parcial, modificaci\u00f3n, transformaci\u00f3n, copia, distribuci\u00f3n, comunicaci\u00f3n p\u00fablica o cualquier otra forma de explotaci\u00f3n sobre la p\u00e1gina web, sus contenidos, aplicaciones, dise\u00f1o y forma de presentaci\u00f3n, as\u00ed como su c\u00f3digo fuente y todos aquellos elementos que conforman la estructura y apariencia de la Web.<\/p>\n<p>El incumplimiento de cualquiera de las disposiciones aqu\u00ed estipuladas facultar\u00e1 a la Empresa para ejercer las acciones legales pertinentes en defensa de sus derechos, incluyendo la facultad de reclamar los da\u00f1os y perjuicios que correspondan.<\/p>\n<p>&nbsp;<\/p>\n<h4>Marcas Registradas<\/h4>\n<p>Todas las marcas, logotipos y anagramas mostrados en este sitio son propiedad de la Empresa o de terceras empresas. Queda expresamente prohibido el uso, sin previo consentimiento, de cualquier elemento de esta p\u00e1gina web que sea objeto de protecci\u00f3n conforme a la legislaci\u00f3n vigente relativa a propiedad industrial. Especialmente, no podr\u00e1n utilizarse marcas, nombres comerciales, r\u00f3tulos, denominaciones, logotipos, esl\u00f3ganes o cualquier tipo de signo distintivo perteneciente al Titular.<\/p>\n<p>&nbsp;<\/p>\n<h4>Hiperenlaces<\/h4>\n<p>El Usuario que desee introducir enlaces desde sus propias p\u00e1ginas web a la de la Empresa deber\u00e1 cumplir con las condiciones que se detallan a continuaci\u00f3n, sin que el desconocimiento de las mismas evite las responsabilidades derivadas de la Ley:<\/p>\n<p>El enlace \u00fanicamente vincular\u00e1 con la p\u00e1gina principal, pero no podr\u00e1 reproducirla de ninguna forma (in-line links, copia de textos, gr\u00e1ficos, etc.).<\/p>\n<p>Queda prohibido establecer frames o marcos de cualquier tipo que envuelvan esta p\u00e1gina o permitan la visualizaci\u00f3n de los contenidos a trav\u00e9s de direcciones de Internet diferentes.<\/p>\n<p>&nbsp;<\/p>\n<h4>Pol\u00edtica de Privacidad y Cookies<\/h4>\n<p>Al aceptar los presentes T\u00e9rminos y Condiciones de Uso, el Usuario reconoce y acepta haber le\u00eddo, comprendido y aceptado nuestra <a href=\"https:\/\/labs.100x100.net\/projects\/enervent\/es\/politica-privacidad\/\">Pol\u00edtica de Privacidad<\/a> y <a href=\"https:\/\/labs.100x100.net\/projects\/enervent\/es\/politica-de-cookies\/\">Pol\u00edtica de Cookies<\/a>.<\/p>\n<p>&nbsp;<\/p>\n<h4>Legislaci\u00f3n Aplicable y Jurisdicci\u00f3n<\/h4>\n<p>Las relaciones entre ENERVENT S.A. y el Usuario se rigen por la legislaci\u00f3n espa\u00f1ola vigente. Cualquier controversia se someter\u00e1 a los juzgados y tribunales de Barcelona, con renuncia expresa a cualquier otro fuero que pudiera corresponder.<\/p>\n","protected":false},"excerpt":{"rendered":"<p>Titularidad y objeto de la Web El sitio web enerventperello.com (en adelante, la \u00abWeb\u00bb) es un sitio web propiedad de ENERVENT S.A. (en adelante, la \u00abEmpresa\u00bb), sociedad legalmente constituida bajo la legislaci\u00f3n espa\u00f1ola con N.I.F. A60900388, con domicilio en Calle Travessera de Gr\u00e0cia, n\u00famero 62 &#8211; 2\u00ba 5\u00ba, 08006 Barcelona, e inscrita en el Registro [&hellip;]<\/p>\n","protected":false},"author":1,"featured_media":0,"parent":0,"menu_order":0,"comment_status":"closed","ping_status":"closed","template":"","meta":{"_acf_changed":false,"footnotes":""},"class_list":["post-24","page","type-page","status-publish","hentry"],"acf":[],"yoast_head":"<!-- This site is optimized with the Yoast SEO plugin v27.2 - https:\/\/yoast.com\/product\/yoast-seo-wordpress\/ -->\n<title>Aviso legal - Enervent<\/title>\n<meta name=\"robots\" content=\"noindex, nofollow\" \/>\n<meta property=\"og:locale\" content=\"es_ES\" \/>\n<meta property=\"og:type\" content=\"article\" \/>\n<meta property=\"og:title\" content=\"Aviso legal - Enervent\" \/>\n<meta property=\"og:description\" content=\"Titularidad y objeto de la Web El sitio web enerventperello.com (en adelante, la \u00abWeb\u00bb) es un sitio web propiedad de ENERVENT S.A. (en adelante, la \u00abEmpresa\u00bb), sociedad legalmente constituida bajo la legislaci\u00f3n espa\u00f1ola con N.I.F. A60900388, con domicilio en Calle Travessera de Gr\u00e0cia, n\u00famero 62 &#8211; 2\u00ba 5\u00ba, 08006 Barcelona, e inscrita en el Registro [&hellip;]\" \/>\n<meta property=\"og:url\" content=\"https:\/\/enerventperello.com\/es\/aviso-legal\/\" \/>\n<meta property=\"og:site_name\" content=\"Enervent\" \/>\n<meta property=\"article:modified_time\" content=\"2024-12-19T10:20:51+00:00\" \/>\n<meta name=\"twitter:card\" content=\"summary_large_image\" \/>\n<meta name=\"twitter:label1\" content=\"Tiempo de lectura\" \/>\n\t<meta name=\"twitter:data1\" content=\"6 minutos\" \/>\n<script type=\"application\/ld+json\" class=\"yoast-schema-graph\">{\"@context\":\"https:\/\/schema.org\",\"@graph\":[{\"@type\":\"WebPage\",\"@id\":\"https:\/\/enerventperello.com\/es\/aviso-legal\/\",\"url\":\"https:\/\/enerventperello.com\/es\/aviso-legal\/\",\"name\":\"Aviso legal - Enervent\",\"isPartOf\":{\"@id\":\"https:\/\/www.enerventperello.com\/es\/#website\"},\"datePublished\":\"2024-10-11T14:23:14+00:00\",\"dateModified\":\"2024-12-19T10:20:51+00:00\",\"breadcrumb\":{\"@id\":\"https:\/\/enerventperello.com\/es\/aviso-legal\/#breadcrumb\"},\"inLanguage\":\"es\",\"potentialAction\":[{\"@type\":\"ReadAction\",\"target\":[\"https:\/\/enerventperello.com\/es\/aviso-legal\/\"]}]},{\"@type\":\"BreadcrumbList\",\"@id\":\"https:\/\/enerventperello.com\/es\/aviso-legal\/#breadcrumb\",\"itemListElement\":[{\"@type\":\"ListItem\",\"position\":1,\"name\":\"Inici\",\"item\":\"https:\/\/www.enerventperello.com\/es\/\"},{\"@type\":\"ListItem\",\"position\":2,\"name\":\"Aviso legal\"}]},{\"@type\":\"WebSite\",\"@id\":\"https:\/\/www.enerventperello.com\/es\/#website\",\"url\":\"https:\/\/www.enerventperello.com\/es\/\",\"name\":\"Enervent\",\"description\":\"Enervent \u25b6\ufe0f Descobreix el Parc E\u00f2lic Les Colladetes, pioner en energia renovable a Catalunya, amb m\u00e9s de 25 anys generant energia e\u00f2lica per a un futur sostenible.\",\"publisher\":{\"@id\":\"https:\/\/www.enerventperello.com\/es\/#organization\"},\"potentialAction\":[{\"@type\":\"SearchAction\",\"target\":{\"@type\":\"EntryPoint\",\"urlTemplate\":\"https:\/\/www.enerventperello.com\/es\/?s={search_term_string}\"},\"query-input\":{\"@type\":\"PropertyValueSpecification\",\"valueRequired\":true,\"valueName\":\"search_term_string\"}}],\"inLanguage\":\"es\"},{\"@type\":\"Organization\",\"@id\":\"https:\/\/www.enerventperello.com\/es\/#organization\",\"name\":\"Enervent\",\"url\":\"https:\/\/www.enerventperello.com\/es\/\",\"logo\":{\"@type\":\"ImageObject\",\"inLanguage\":\"es\",\"@id\":\"https:\/\/www.enerventperello.com\/es\/#\/schema\/logo\/image\/\",\"url\":\"https:\/\/enerventperello.com\/custom\/uploads\/2025\/05\/enervent.png\",\"contentUrl\":\"https:\/\/enerventperello.com\/custom\/uploads\/2025\/05\/enervent.png\",\"width\":520,\"height\":80,\"caption\":\"Enervent\"},\"image\":{\"@id\":\"https:\/\/www.enerventperello.com\/es\/#\/schema\/logo\/image\/\"}}]}<\/script>\n<!-- \/ Yoast SEO plugin. -->","yoast_head_json":{"title":"Aviso legal - Enervent","robots":{"index":"noindex","follow":"nofollow"},"og_locale":"es_ES","og_type":"article","og_title":"Aviso legal - Enervent","og_description":"Titularidad y objeto de la Web El sitio web enerventperello.com (en adelante, la \u00abWeb\u00bb) es un sitio web propiedad de ENERVENT S.A. (en adelante, la \u00abEmpresa\u00bb), sociedad legalmente constituida bajo la legislaci\u00f3n espa\u00f1ola con N.I.F. A60900388, con domicilio en Calle Travessera de Gr\u00e0cia, n\u00famero 62 &#8211; 2\u00ba 5\u00ba, 08006 Barcelona, e inscrita en el Registro [&hellip;]","og_url":"https:\/\/enerventperello.com\/es\/aviso-legal\/","og_site_name":"Enervent","article_modified_time":"2024-12-19T10:20:51+00:00","twitter_card":"summary_large_image","twitter_misc":{"Tiempo de lectura":"6 minutos"},"schema":{"@context":"https:\/\/schema.org","@graph":[{"@type":"WebPage","@id":"https:\/\/enerventperello.com\/es\/aviso-legal\/","url":"https:\/\/enerventperello.com\/es\/aviso-legal\/","name":"Aviso legal - Enervent","isPartOf":{"@id":"https:\/\/www.enerventperello.com\/es\/#website"},"datePublished":"2024-10-11T14:23:14+00:00","dateModified":"2024-12-19T10:20:51+00:00","breadcrumb":{"@id":"https:\/\/enerventperello.com\/es\/aviso-legal\/#breadcrumb"},"inLanguage":"es","potentialAction":[{"@type":"ReadAction","target":["https:\/\/enerventperello.com\/es\/aviso-legal\/"]}]},{"@type":"BreadcrumbList","@id":"https:\/\/enerventperello.com\/es\/aviso-legal\/#breadcrumb","itemListElement":[{"@type":"ListItem","position":1,"name":"Inici","item":"https:\/\/www.enerventperello.com\/es\/"},{"@type":"ListItem","position":2,"name":"Aviso legal"}]},{"@type":"WebSite","@id":"https:\/\/www.enerventperello.com\/es\/#website","url":"https:\/\/www.enerventperello.com\/es\/","name":"Enervent","description":"Enervent \u25b6\ufe0f Descobreix el Parc E\u00f2lic Les Colladetes, pioner en energia renovable a Catalunya, amb m\u00e9s de 25 anys generant energia e\u00f2lica per a un futur sostenible.","publisher":{"@id":"https:\/\/www.enerventperello.com\/es\/#organization"},"potentialAction":[{"@type":"SearchAction","target":{"@type":"EntryPoint","urlTemplate":"https:\/\/www.enerventperello.com\/es\/?s={search_term_string}"},"query-input":{"@type":"PropertyValueSpecification","valueRequired":true,"valueName":"search_term_string"}}],"inLanguage":"es"},{"@type":"Organization","@id":"https:\/\/www.enerventperello.com\/es\/#organization","name":"Enervent","url":"https:\/\/www.enerventperello.com\/es\/","logo":{"@type":"ImageObject","inLanguage":"es","@id":"https:\/\/www.enerventperello.com\/es\/#\/schema\/logo\/image\/","url":"https:\/\/enerventperello.com\/custom\/uploads\/2025\/05\/enervent.png","contentUrl":"https:\/\/enerventperello.com\/custom\/uploads\/2025\/05\/enervent.png","width":520,"height":80,"caption":"Enervent"},"image":{"@id":"https:\/\/www.enerventperello.com\/es\/#\/schema\/logo\/image\/"}}]}},"_links":{"self":[{"href":"https:\/\/enerventperello.com\/es\/wp-json\/wp\/v2\/pages\/24","targetHints":{"allow":["GET"]}}],"collection":[{"href":"https:\/\/enerventperello.com\/es\/wp-json\/wp\/v2\/pages"}],"about":[{"href":"https:\/\/enerventperello.com\/es\/wp-json\/wp\/v2\/types\/page"}],"author":[{"embeddable":true,"href":"https:\/\/enerventperello.com\/es\/wp-json\/wp\/v2\/users\/1"}],"replies":[{"embeddable":true,"href":"https:\/\/enerventperello.com\/es\/wp-json\/wp\/v2\/comments?post=24"}],"version-history":[{"count":0,"href":"https:\/\/enerventperello.com\/es\/wp-json\/wp\/v2\/pages\/24\/revisions"}],"wp:attachment":[{"href":"https:\/\/enerventperello.com\/es\/wp-json\/wp\/v2\/media?parent=24"}],"curies":[{"name":"wp","href":"https:\/\/api.w.org\/{rel}","templated":true}]}}