{"id":128,"date":"2024-10-11T16:22:59","date_gmt":"2024-10-11T14:22:59","guid":{"rendered":"https:\/\/labs.100x100.net\/projects\/enervent\/accessibilitat\/"},"modified":"2024-12-20T10:33:28","modified_gmt":"2024-12-20T09:33:28","slug":"accessibility","status":"publish","type":"page","link":"https:\/\/enerventperello.com\/en\/accessibility\/","title":{"rendered":"Accessibility"},"content":{"rendered":"<p><strong>Enervent, S.A.<\/strong> is committed to making its website accessible, in compliance with Royal Decree 1112\/2018, of September 7, on the accessibility of websites and mobile applications, which transposes Directive (EU) 2016\/2102 of the European Parliament and the Council into Spanish law.<\/p>\n<p>This accessibility statement applies to the website <strong>www.enerventperello.com<\/strong>.<\/p>\n<h4 class=\"p1\">Compliance status<\/h4>\n<p>This website is partially compliant with Royal Decree 1112\/2018 due to the exceptions and non-compliances outlined below.<\/p>\n<h4 class=\"p1\">Non-accessible content<\/h4>\n<p>The content detailed below is not accessible for the following reasons:<\/p>\n<ul>\n<li>Lack of compliance with Royal Decree 1112\/2018.<\/li>\n<li>Due to the automation of certain publications, some pages may have incorrect nesting of HTML tags.<\/li>\n<li>There are PDF documents that do not meet the requirements, although some of them have an HTML text alternative that complies with the standards.<\/li>\n<li>There may be occasional editing errors on some web pages.<\/li>\n<li>Disproportionate burden.<\/li>\n<li>Not applicable.<\/li>\n<li>Content not covered by the applicable legislation:\n<ul>\n<li>Office files in PDF or other formats, as well as applications published before September 20, 2018, that do not fully comply with all accessibility requirements.<\/li>\n<li>Live multimedia content.<\/li>\n<li>Pre-recorded multimedia content of temporal nature, such as plenary sessions and press conferences, or published before the Royal Decree came into effect.<\/li>\n<li>Online map and cartography services.<\/li>\n<\/ul>\n<\/li>\n<\/ul>\n<p><strong>Preparation of this accessibility statement<\/strong><\/p>\n<p>This statement was prepared on April 11, 2023, based on web accessibility reports from the Accessibility Observatory.<\/p>\n<h4 class=\"p1\">Feedback and contact information<\/h4>\n<p>You can submit communications about accessibility requirements (Article 10.2 of Royal Decree 1112\/2018), such as:<\/p>\n<ul>\n<li>Reporting any possible non-compliance by this website.<\/li>\n<li>Reporting any other difficulties accessing the content.<\/li>\n<li>Submitting any other queries or suggestions for improvement regarding the website&#8217;s accessibility through the contact form on this website.<\/li>\n<\/ul>\n<p>Communications will be received and processed by Enervent, S.A.<\/p>\n<h4 class=\"p1\">Application procedure<\/h4>\n<p>An appropriate and effective application procedure will be implemented to be used in case the response to the communication or request is unsatisfactory.<\/p>\n<h4 class=\"p1\">Optional content<\/h4>\n<p>This website:<\/p>\n<ul>\n<li>Has been designed in compliance with current standards and regulations regarding accessibility, meeting Level AA criteria as defined in the Web Content Accessibility Guidelines (WCAG 2.1).<\/li>\n<li>Complies with the requirements of Standard UNE-EN 301549 v1.1.2:2015, considering the exceptions of Royal Decree 1112\/2018.<\/li>\n<li>Is designed for proper display on desktop, tablet, and mobile devices with a minimum resolution of 1280\u00d71024.<\/li>\n<li>Uses HTML5 as its markup language and CSS3 style sheets for design.<\/li>\n<li>Is designed to work with non-intrusive JavaScript.<\/li>\n<\/ul>\n","protected":false},"excerpt":{"rendered":"<p>Enervent, S.A. is committed to making its website accessible, in compliance with Royal Decree 1112\/2018, of September 7, on the accessibility of websites and mobile applications, which transposes Directive (EU) 2016\/2102 of the European Parliament and the Council into Spanish law. This accessibility statement applies to the website www.enerventperello.com. Compliance status This website is partially [&hellip;]<\/p>\n","protected":false},"author":1,"featured_media":0,"parent":0,"menu_order":0,"comment_status":"closed","ping_status":"closed","template":"","meta":{"_acf_changed":false,"footnotes":""},"class_list":["post-128","page","type-page","status-publish","hentry"],"acf":[],"yoast_head":"<!-- This site is optimized with the Yoast SEO plugin v27.2 - https:\/\/yoast.com\/product\/yoast-seo-wordpress\/ -->\n<title>Accessibility - Enervent<\/title>\n<meta name=\"robots\" content=\"noindex, nofollow\" \/>\n<meta property=\"og:locale\" content=\"en_US\" \/>\n<meta property=\"og:type\" content=\"article\" \/>\n<meta property=\"og:title\" content=\"Accessibility - Enervent\" \/>\n<meta property=\"og:description\" content=\"Enervent, S.A. is committed to making its website accessible, in compliance with Royal Decree 1112\/2018, of September 7, on the accessibility of websites and mobile applications, which transposes Directive (EU) 2016\/2102 of the European Parliament and the Council into Spanish law. This accessibility statement applies to the website www.enerventperello.com. Compliance status This website is partially [&hellip;]\" \/>\n<meta property=\"og:url\" content=\"https:\/\/enerventperello.com\/en\/accessibility\/\" \/>\n<meta property=\"og:site_name\" content=\"Enervent\" \/>\n<meta property=\"article:modified_time\" content=\"2024-12-20T09:33:28+00:00\" \/>\n<meta name=\"twitter:card\" content=\"summary_large_image\" \/>\n<meta name=\"twitter:label1\" content=\"Est. reading time\" \/>\n\t<meta name=\"twitter:data1\" content=\"3 minutes\" \/>\n<script type=\"application\/ld+json\" class=\"yoast-schema-graph\">{\"@context\":\"https:\/\/schema.org\",\"@graph\":[{\"@type\":\"WebPage\",\"@id\":\"https:\/\/enerventperello.com\/en\/accessibility\/\",\"url\":\"https:\/\/enerventperello.com\/en\/accessibility\/\",\"name\":\"Accessibility - Enervent\",\"isPartOf\":{\"@id\":\"https:\/\/www.enerventperello.com\/en\/#website\"},\"datePublished\":\"2024-10-11T14:22:59+00:00\",\"dateModified\":\"2024-12-20T09:33:28+00:00\",\"breadcrumb\":{\"@id\":\"https:\/\/enerventperello.com\/en\/accessibility\/#breadcrumb\"},\"inLanguage\":\"en-US\",\"potentialAction\":[{\"@type\":\"ReadAction\",\"target\":[\"https:\/\/enerventperello.com\/en\/accessibility\/\"]}]},{\"@type\":\"BreadcrumbList\",\"@id\":\"https:\/\/enerventperello.com\/en\/accessibility\/#breadcrumb\",\"itemListElement\":[{\"@type\":\"ListItem\",\"position\":1,\"name\":\"Inici\",\"item\":\"https:\/\/www.enerventperello.com\/en\/\"},{\"@type\":\"ListItem\",\"position\":2,\"name\":\"Accessibility\"}]},{\"@type\":\"WebSite\",\"@id\":\"https:\/\/www.enerventperello.com\/en\/#website\",\"url\":\"https:\/\/www.enerventperello.com\/en\/\",\"name\":\"Enervent\",\"description\":\"Enervent \u25b6\ufe0f Descobreix el Parc E\u00f2lic Les Colladetes, pioner en energia renovable a Catalunya, amb m\u00e9s de 25 anys generant energia e\u00f2lica per a un futur sostenible.\",\"publisher\":{\"@id\":\"https:\/\/www.enerventperello.com\/en\/#organization\"},\"potentialAction\":[{\"@type\":\"SearchAction\",\"target\":{\"@type\":\"EntryPoint\",\"urlTemplate\":\"https:\/\/www.enerventperello.com\/en\/?s={search_term_string}\"},\"query-input\":{\"@type\":\"PropertyValueSpecification\",\"valueRequired\":true,\"valueName\":\"search_term_string\"}}],\"inLanguage\":\"en-US\"},{\"@type\":\"Organization\",\"@id\":\"https:\/\/www.enerventperello.com\/en\/#organization\",\"name\":\"Enervent\",\"url\":\"https:\/\/www.enerventperello.com\/en\/\",\"logo\":{\"@type\":\"ImageObject\",\"inLanguage\":\"en-US\",\"@id\":\"https:\/\/www.enerventperello.com\/en\/#\/schema\/logo\/image\/\",\"url\":\"https:\/\/enerventperello.com\/custom\/uploads\/2025\/05\/enervent.png\",\"contentUrl\":\"https:\/\/enerventperello.com\/custom\/uploads\/2025\/05\/enervent.png\",\"width\":520,\"height\":80,\"caption\":\"Enervent\"},\"image\":{\"@id\":\"https:\/\/www.enerventperello.com\/en\/#\/schema\/logo\/image\/\"}}]}<\/script>\n<!-- \/ Yoast SEO plugin. -->","yoast_head_json":{"title":"Accessibility - Enervent","robots":{"index":"noindex","follow":"nofollow"},"og_locale":"en_US","og_type":"article","og_title":"Accessibility - Enervent","og_description":"Enervent, S.A. is committed to making its website accessible, in compliance with Royal Decree 1112\/2018, of September 7, on the accessibility of websites and mobile applications, which transposes Directive (EU) 2016\/2102 of the European Parliament and the Council into Spanish law. This accessibility statement applies to the website www.enerventperello.com. Compliance status This website is partially [&hellip;]","og_url":"https:\/\/enerventperello.com\/en\/accessibility\/","og_site_name":"Enervent","article_modified_time":"2024-12-20T09:33:28+00:00","twitter_card":"summary_large_image","twitter_misc":{"Est. reading time":"3 minutes"},"schema":{"@context":"https:\/\/schema.org","@graph":[{"@type":"WebPage","@id":"https:\/\/enerventperello.com\/en\/accessibility\/","url":"https:\/\/enerventperello.com\/en\/accessibility\/","name":"Accessibility - Enervent","isPartOf":{"@id":"https:\/\/www.enerventperello.com\/en\/#website"},"datePublished":"2024-10-11T14:22:59+00:00","dateModified":"2024-12-20T09:33:28+00:00","breadcrumb":{"@id":"https:\/\/enerventperello.com\/en\/accessibility\/#breadcrumb"},"inLanguage":"en-US","potentialAction":[{"@type":"ReadAction","target":["https:\/\/enerventperello.com\/en\/accessibility\/"]}]},{"@type":"BreadcrumbList","@id":"https:\/\/enerventperello.com\/en\/accessibility\/#breadcrumb","itemListElement":[{"@type":"ListItem","position":1,"name":"Inici","item":"https:\/\/www.enerventperello.com\/en\/"},{"@type":"ListItem","position":2,"name":"Accessibility"}]},{"@type":"WebSite","@id":"https:\/\/www.enerventperello.com\/en\/#website","url":"https:\/\/www.enerventperello.com\/en\/","name":"Enervent","description":"Enervent \u25b6\ufe0f Descobreix el Parc E\u00f2lic Les Colladetes, pioner en energia renovable a Catalunya, amb m\u00e9s de 25 anys generant energia e\u00f2lica per a un futur sostenible.","publisher":{"@id":"https:\/\/www.enerventperello.com\/en\/#organization"},"potentialAction":[{"@type":"SearchAction","target":{"@type":"EntryPoint","urlTemplate":"https:\/\/www.enerventperello.com\/en\/?s={search_term_string}"},"query-input":{"@type":"PropertyValueSpecification","valueRequired":true,"valueName":"search_term_string"}}],"inLanguage":"en-US"},{"@type":"Organization","@id":"https:\/\/www.enerventperello.com\/en\/#organization","name":"Enervent","url":"https:\/\/www.enerventperello.com\/en\/","logo":{"@type":"ImageObject","inLanguage":"en-US","@id":"https:\/\/www.enerventperello.com\/en\/#\/schema\/logo\/image\/","url":"https:\/\/enerventperello.com\/custom\/uploads\/2025\/05\/enervent.png","contentUrl":"https:\/\/enerventperello.com\/custom\/uploads\/2025\/05\/enervent.png","width":520,"height":80,"caption":"Enervent"},"image":{"@id":"https:\/\/www.enerventperello.com\/en\/#\/schema\/logo\/image\/"}}]}},"_links":{"self":[{"href":"https:\/\/enerventperello.com\/en\/wp-json\/wp\/v2\/pages\/128","targetHints":{"allow":["GET"]}}],"collection":[{"href":"https:\/\/enerventperello.com\/en\/wp-json\/wp\/v2\/pages"}],"about":[{"href":"https:\/\/enerventperello.com\/en\/wp-json\/wp\/v2\/types\/page"}],"author":[{"embeddable":true,"href":"https:\/\/enerventperello.com\/en\/wp-json\/wp\/v2\/users\/1"}],"replies":[{"embeddable":true,"href":"https:\/\/enerventperello.com\/en\/wp-json\/wp\/v2\/comments?post=128"}],"version-history":[{"count":0,"href":"https:\/\/enerventperello.com\/en\/wp-json\/wp\/v2\/pages\/128\/revisions"}],"wp:attachment":[{"href":"https:\/\/enerventperello.com\/en\/wp-json\/wp\/v2\/media?parent=128"}],"curies":[{"name":"wp","href":"https:\/\/api.w.org\/{rel}","templated":true}]}}