{"id":122,"date":"2024-10-11T11:33:40","date_gmt":"2024-10-11T09:33:40","guid":{"rendered":"https:\/\/labs.100x100.net\/projects\/enervent\/home\/"},"modified":"2026-04-14T16:56:22","modified_gmt":"2026-04-14T14:56:22","slug":"home","status":"publish","type":"page","link":"https:\/\/enerventperello.com\/en\/","title":{"rendered":"Home"},"content":{"rendered":"","protected":false},"excerpt":{"rendered":"","protected":false},"author":1,"featured_media":0,"parent":0,"menu_order":0,"comment_status":"closed","ping_status":"closed","template":"page-home.php","meta":{"_acf_changed":false,"footnotes":""},"class_list":["post-122","page","type-page","status-publish","hentry"],"acf":[],"yoast_head":"<!-- This site is optimized with the Yoast SEO plugin v27.2 - https:\/\/yoast.com\/product\/yoast-seo-wordpress\/ -->\n<title>Enervent - Renewable Energy in Catalonia: Les Colladetes Wind Farm<\/title>\n<meta name=\"description\" content=\"Enervent \u25b6\ufe0f Discover Les Colladetes Wind Farm, a pioneer in renewable energy in Catalonia, with over 25 years of wind power generation for a sustainable future.\" \/>\n<meta name=\"robots\" content=\"index, follow, max-snippet:-1, max-image-preview:large, max-video-preview:-1\" \/>\n<link rel=\"canonical\" href=\"https:\/\/enerventperello.com\/en\/\" \/>\n<meta property=\"og:locale\" content=\"en_US\" \/>\n<meta property=\"og:type\" content=\"article\" \/>\n<meta property=\"og:title\" content=\"Enervent - Renewable Energy in Catalonia: Les Colladetes Wind Farm\" \/>\n<meta property=\"og:description\" content=\"Enervent \u25b6\ufe0f Discover Les Colladetes Wind Farm, a pioneer in renewable energy in Catalonia, with over 25 years of wind power generation for a sustainable future.\" \/>\n<meta property=\"og:url\" content=\"https:\/\/enerventperello.com\/en\/\" \/>\n<meta property=\"og:site_name\" content=\"Enervent\" \/>\n<meta property=\"article:modified_time\" content=\"2026-04-14T14:56:22+00:00\" \/>\n<meta name=\"twitter:card\" content=\"summary_large_image\" \/>\n<script type=\"application\/ld+json\" class=\"yoast-schema-graph\">{\"@context\":\"https:\/\/schema.org\",\"@graph\":[{\"@type\":\"WebPage\",\"@id\":\"https:\/\/enerventperello.com\/en\/\",\"url\":\"https:\/\/enerventperello.com\/en\/\",\"name\":\"Enervent - Renewable Energy in Catalonia: Les Colladetes Wind Farm\",\"isPartOf\":{\"@id\":\"https:\/\/www.enerventperello.com\/en\/#website\"},\"datePublished\":\"2024-10-11T09:33:40+00:00\",\"dateModified\":\"2026-04-14T14:56:22+00:00\",\"description\":\"Enervent \u25b6\ufe0f Discover Les Colladetes Wind Farm, a pioneer in renewable energy in Catalonia, with over 25 years of wind power generation for a sustainable future.\",\"breadcrumb\":{\"@id\":\"https:\/\/enerventperello.com\/en\/#breadcrumb\"},\"inLanguage\":\"en-US\",\"potentialAction\":[{\"@type\":\"ReadAction\",\"target\":[\"https:\/\/enerventperello.com\/en\/\"]}]},{\"@type\":\"BreadcrumbList\",\"@id\":\"https:\/\/enerventperello.com\/en\/#breadcrumb\",\"itemListElement\":[{\"@type\":\"ListItem\",\"position\":1,\"name\":\"Inici\",\"item\":\"https:\/\/www.enerventperello.com\/en\/\"},{\"@type\":\"ListItem\",\"position\":2,\"name\":\"Home\"}]},{\"@type\":\"WebSite\",\"@id\":\"https:\/\/www.enerventperello.com\/en\/#website\",\"url\":\"https:\/\/www.enerventperello.com\/en\/\",\"name\":\"Enervent\",\"description\":\"Enervent \u25b6\ufe0f Descobreix el Parc E\u00f2lic Les Colladetes, pioner en energia renovable a Catalunya, amb m\u00e9s de 25 anys generant energia e\u00f2lica per a un futur sostenible.\",\"publisher\":{\"@id\":\"https:\/\/www.enerventperello.com\/en\/#organization\"},\"potentialAction\":[{\"@type\":\"SearchAction\",\"target\":{\"@type\":\"EntryPoint\",\"urlTemplate\":\"https:\/\/www.enerventperello.com\/en\/?s={search_term_string}\"},\"query-input\":{\"@type\":\"PropertyValueSpecification\",\"valueRequired\":true,\"valueName\":\"search_term_string\"}}],\"inLanguage\":\"en-US\"},{\"@type\":\"Organization\",\"@id\":\"https:\/\/www.enerventperello.com\/en\/#organization\",\"name\":\"Enervent\",\"url\":\"https:\/\/www.enerventperello.com\/en\/\",\"logo\":{\"@type\":\"ImageObject\",\"inLanguage\":\"en-US\",\"@id\":\"https:\/\/www.enerventperello.com\/en\/#\/schema\/logo\/image\/\",\"url\":\"https:\/\/enerventperello.com\/custom\/uploads\/2025\/05\/enervent.png\",\"contentUrl\":\"https:\/\/enerventperello.com\/custom\/uploads\/2025\/05\/enervent.png\",\"width\":520,\"height\":80,\"caption\":\"Enervent\"},\"image\":{\"@id\":\"https:\/\/www.enerventperello.com\/en\/#\/schema\/logo\/image\/\"}}]}<\/script>\n<!-- \/ Yoast SEO plugin. -->","yoast_head_json":{"title":"Enervent - Renewable Energy in Catalonia: Les Colladetes Wind Farm","description":"Enervent \u25b6\ufe0f Discover Les Colladetes Wind Farm, a pioneer in renewable energy in Catalonia, with over 25 years of wind power generation for a sustainable future.","robots":{"index":"index","follow":"follow","max-snippet":"max-snippet:-1","max-image-preview":"max-image-preview:large","max-video-preview":"max-video-preview:-1"},"canonical":"https:\/\/enerventperello.com\/en\/","og_locale":"en_US","og_type":"article","og_title":"Enervent - Renewable Energy in Catalonia: Les Colladetes Wind Farm","og_description":"Enervent \u25b6\ufe0f Discover Les Colladetes Wind Farm, a pioneer in renewable energy in Catalonia, with over 25 years of wind power generation for a sustainable future.","og_url":"https:\/\/enerventperello.com\/en\/","og_site_name":"Enervent","article_modified_time":"2026-04-14T14:56:22+00:00","twitter_card":"summary_large_image","schema":{"@context":"https:\/\/schema.org","@graph":[{"@type":"WebPage","@id":"https:\/\/enerventperello.com\/en\/","url":"https:\/\/enerventperello.com\/en\/","name":"Enervent - Renewable Energy in Catalonia: Les Colladetes Wind Farm","isPartOf":{"@id":"https:\/\/www.enerventperello.com\/en\/#website"},"datePublished":"2024-10-11T09:33:40+00:00","dateModified":"2026-04-14T14:56:22+00:00","description":"Enervent \u25b6\ufe0f Discover Les Colladetes Wind Farm, a pioneer in renewable energy in Catalonia, with over 25 years of wind power generation for a sustainable future.","breadcrumb":{"@id":"https:\/\/enerventperello.com\/en\/#breadcrumb"},"inLanguage":"en-US","potentialAction":[{"@type":"ReadAction","target":["https:\/\/enerventperello.com\/en\/"]}]},{"@type":"BreadcrumbList","@id":"https:\/\/enerventperello.com\/en\/#breadcrumb","itemListElement":[{"@type":"ListItem","position":1,"name":"Inici","item":"https:\/\/www.enerventperello.com\/en\/"},{"@type":"ListItem","position":2,"name":"Home"}]},{"@type":"WebSite","@id":"https:\/\/www.enerventperello.com\/en\/#website","url":"https:\/\/www.enerventperello.com\/en\/","name":"Enervent","description":"Enervent \u25b6\ufe0f Descobreix el Parc E\u00f2lic Les Colladetes, pioner en energia renovable a Catalunya, amb m\u00e9s de 25 anys generant energia e\u00f2lica per a un futur sostenible.","publisher":{"@id":"https:\/\/www.enerventperello.com\/en\/#organization"},"potentialAction":[{"@type":"SearchAction","target":{"@type":"EntryPoint","urlTemplate":"https:\/\/www.enerventperello.com\/en\/?s={search_term_string}"},"query-input":{"@type":"PropertyValueSpecification","valueRequired":true,"valueName":"search_term_string"}}],"inLanguage":"en-US"},{"@type":"Organization","@id":"https:\/\/www.enerventperello.com\/en\/#organization","name":"Enervent","url":"https:\/\/www.enerventperello.com\/en\/","logo":{"@type":"ImageObject","inLanguage":"en-US","@id":"https:\/\/www.enerventperello.com\/en\/#\/schema\/logo\/image\/","url":"https:\/\/enerventperello.com\/custom\/uploads\/2025\/05\/enervent.png","contentUrl":"https:\/\/enerventperello.com\/custom\/uploads\/2025\/05\/enervent.png","width":520,"height":80,"caption":"Enervent"},"image":{"@id":"https:\/\/www.enerventperello.com\/en\/#\/schema\/logo\/image\/"}}]}},"_links":{"self":[{"href":"https:\/\/enerventperello.com\/en\/wp-json\/wp\/v2\/pages\/122","targetHints":{"allow":["GET"]}}],"collection":[{"href":"https:\/\/enerventperello.com\/en\/wp-json\/wp\/v2\/pages"}],"about":[{"href":"https:\/\/enerventperello.com\/en\/wp-json\/wp\/v2\/types\/page"}],"author":[{"embeddable":true,"href":"https:\/\/enerventperello.com\/en\/wp-json\/wp\/v2\/users\/1"}],"replies":[{"embeddable":true,"href":"https:\/\/enerventperello.com\/en\/wp-json\/wp\/v2\/comments?post=122"}],"version-history":[{"count":0,"href":"https:\/\/enerventperello.com\/en\/wp-json\/wp\/v2\/pages\/122\/revisions"}],"wp:attachment":[{"href":"https:\/\/enerventperello.com\/en\/wp-json\/wp\/v2\/media?parent=122"}],"curies":[{"name":"wp","href":"https:\/\/api.w.org\/{rel}","templated":true}]}}